{"id":1031,"date":"2016-02-10T19:36:17","date_gmt":"2016-02-10T19:36:17","guid":{"rendered":"http:\/\/kidsworld.premiumthemes.in\/?page_id=1031"},"modified":"2023-11-16T22:57:50","modified_gmt":"2023-11-16T21:57:50","slug":"kontakt","status":"publish","type":"page","link":"https:\/\/www.e-teczowakraina.pl\/index.php\/kontakt\/","title":{"rendered":"Kontakt"},"content":{"rendered":"[vc_row][vc_column][vc_row_inner][vc_column_inner]<div  class=\"center\" ><div style=\"font-size:27px; color:#8373ce; font-weight:bold; line-height:60px;\">\n\t\t\t\t\tKontakt\n\t\t\t\t\t<\/div><\/div>[\/vc_column_inner][\/vc_row_inner][vc_row_inner][vc_column_inner width=&#8221;1\/6&#8243;][\/vc_column_inner][vc_column_inner width=&#8221;2\/3&#8243;]<div  class=\"swmsc_text_block\" > \n<p style=\"text-align: center;\">Je\u015bli masz pytania lub co\u015b dla Ciebie jest niejasne &#8211; skontaktuj si\u0119 z nami!<br \/>\nNasz zesp\u00f3\u0142 postara si\u0119 pom\u00f3c Ci i wszystko wyja\u015bni\u0107.<\/p>\n<\/div>[\/vc_column_inner][vc_column_inner width=&#8221;1\/6&#8243;][\/vc_column_inner][\/vc_row_inner]<div  class=\"swmsc_custom_dividers swmsc_dividers_circle text_align_center\" style=\"margin-top:10px;margin-bottom:0px;\"><span style=\"background-color:#e6e6e6;\"><\/span><span style=\"background-color:#e6e6e6;\"><\/span><span style=\"background-color:#e6e6e6;\"><\/span><span style=\"background-color:#e6e6e6;\"><\/span><\/div>\n<p>&nbsp;<\/p>\n<div   >\n\t\t\t\t\t\t<div class=\"swmsc_services_icons swmsc_responsive_services swmsc_services_item_center\" data-responsive=\"767\" data-margin=\"20\" >\n\t\t\t\t\t\t\t\t\n\t\t\t\t\t\t\t<div class=\"swmsc_services_icon_content\">\n\t\t\t\t\t\t\t\t<h5 style=\"font-size:20px; color:#555555;margin-bottom:0px;\">Numer konta:<\/h5>\n\t\t\t\t\t\t\t\t\n66 1050 1083 1000 0093 0455 1816\n\t\t\t\t\t\t\t\t<\/div>\n\t\t\t\t\t\t\t<div class=\"clear\"><\/div>\n\t\t\t\t\t\t<\/div>\n\t\t\t\t\t\t<div class=\"clear\"><\/div>\n\t\t\t\t\t<\/div>\n<div  class=\"swmsc_custom_dividers swmsc_dividers_circle text_align_center\" style=\"margin-top:10px;margin-bottom:0px;\"><span style=\"background-color:#e6e6e6;\"><\/span><span style=\"background-color:#e6e6e6;\"><\/span><span style=\"background-color:#e6e6e6;\"><\/span><span style=\"background-color:#e6e6e6;\"><\/span><\/div><div  class=\"clear swmsc_gap\" style=\"margin:0px 0 0 0;\"><\/div>\n<p>&nbsp;<\/p>\n<p>&nbsp;<\/p>\n<div  class=\"clear swmsc_gap\" style=\"margin:30px 0 0 0;\"><\/div>[vc_row_inner][vc_column_inner width=&#8221;1\/2&#8243;]<div   >\n\t\t\t\t\t\t<div class=\"swmsc_services_icons swmsc_responsive_services swmsc_services_item_right\" data-responsive=\"767\" data-margin=\"30\" >\n\t\t\t\t\t\t\t\t<div class=\"swmsc_services_item_holder swmsc_services_icon_medium\" style=\"margin-left:30px;\">\n\t\t\t\t\t\t\t\t<span style=\"border:2px solid #adca69; border-radius:100%; background:#adca69;\">\n\t\t\t\t\t\t\t\t\t<i class=\"fa fa-map-marker\" style=\"color:#ffffff; margin-top:-2px;\"><\/i>\n\t\t\t\t\t\t\t\t<\/span>\n\t\t\t\t\t\t\t<\/div>\n\t\t\t\t\t\t\t<div class=\"swmsc_services_icon_content\">\n\t\t\t\t\t\t\t\t<h5 style=\"font-size:20px; color:#555555;margin-bottom:5px;\">Adres:<\/h5>\n\t\t\t\t\t\t\t\tUl. Hallera 145a, 43-400 Cieszyn.\n\t\t\t\t\t\t\t\t<\/div>\n\t\t\t\t\t\t\t<div class=\"clear\"><\/div>\n\t\t\t\t\t\t<\/div>\n\t\t\t\t\t\t<div class=\"clear\"><\/div>\n\t\t\t\t\t<\/div><div  class=\"clear swmsc_gap\" style=\"margin:30px 0 0 0;\"><\/div><div   >\n\t\t\t\t\t\t<div class=\"swmsc_services_icons swmsc_responsive_services swmsc_services_item_right\" data-responsive=\"767\" data-margin=\"30\" >\n\t\t\t\t\t\t\t\t<div class=\"swmsc_services_item_holder swmsc_services_icon_medium\" style=\"margin-left:30px;\">\n\t\t\t\t\t\t\t\t<span style=\"border:2px solid #f47c7c; border-radius:100%; background:#f47c7c;\">\n\t\t\t\t\t\t\t\t\t<i class=\"fa fa-phone\" style=\"color:#ffffff; margin-top:-2px;\"><\/i>\n\t\t\t\t\t\t\t\t<\/span>\n\t\t\t\t\t\t\t<\/div>\n\t\t\t\t\t\t\t<div class=\"swmsc_services_icon_content\">\n\t\t\t\t\t\t\t\t<h5 style=\"font-size:20px; color:#555555;margin-bottom:5px;\">Telefon:<\/h5>\n\t\t\t\t\t\t\t\t609 512 558 \/ 692 352 357\n\t\t\t\t\t\t\t\t<\/div>\n\t\t\t\t\t\t\t<div class=\"clear\"><\/div>\n\t\t\t\t\t\t<\/div>\n\t\t\t\t\t\t<div class=\"clear\"><\/div>\n\t\t\t\t\t<\/div>[\/vc_column_inner][vc_column_inner width=&#8221;1\/2&#8243;]<div   >\n\t\t\t\t\t\t<div class=\"swmsc_services_icons swmsc_responsive_services swmsc_services_item_left\" data-responsive=\"767\" data-margin=\"30\" >\n\t\t\t\t\t\t\t\t<div class=\"swmsc_services_item_holder swmsc_services_icon_medium\" style=\"margin-right:30px;\">\n\t\t\t\t\t\t\t\t<span style=\"border:2px solid #78d0e4; border-radius:100%; background:#78d0e4;\">\n\t\t\t\t\t\t\t\t\t<i class=\"fa fa-envelope-o\" style=\"color:#ffffff; margin-top:-2px;\"><\/i>\n\t\t\t\t\t\t\t\t<\/span>\n\t\t\t\t\t\t\t<\/div>\n\t\t\t\t\t\t\t<div class=\"swmsc_services_icon_content\">\n\t\t\t\t\t\t\t\t<h5 style=\"font-size:20px; color:#555555;margin-bottom:5px;\">Email:<\/h5>\n\t\t\t\t\t\t\t\tbiuro@e-teczowakraina.pl\n\t\t\t\t\t\t\t\t<\/div>\n\t\t\t\t\t\t\t<div class=\"clear\"><\/div>\n\t\t\t\t\t\t<\/div>\n\t\t\t\t\t\t<div class=\"clear\"><\/div>\n\t\t\t\t\t<\/div><div  class=\"clear swmsc_gap\" style=\"margin:30px 0 0 0;\"><\/div><div   >\n\t\t\t\t\t\t<div class=\"swmsc_services_icons swmsc_responsive_services swmsc_services_item_left\" data-responsive=\"767\" data-margin=\"30\" >\n\t\t\t\t\t\t\t\t<div class=\"swmsc_services_item_holder swmsc_services_icon_medium\" style=\"margin-right:30px;\">\n\t\t\t\t\t\t\t\t<span style=\"border:2px solid #fbb44d; border-radius:100%; background:#fbb44d;\">\n\t\t\t\t\t\t\t\t\t<i class=\"fa fa-share-alt\" style=\"color:#ffffff; margin-top:-2px;\"><\/i>\n\t\t\t\t\t\t\t\t<\/span>\n\t\t\t\t\t\t\t<\/div>\n\t\t\t\t\t\t\t<div class=\"swmsc_services_icon_content\">\n\t\t\t\t\t\t\t\t<h5 style=\"font-size:20px; color:#555555;margin-bottom:10px;\">Znajd\u017a nas na:<\/h5>\n\t\t\t\t\t\t\t\t<div  class=\"swmsc_sm_icons_sc\" >\n\t\t\t\t\t\t<ul>\n\t\t\t\t\t\t\t\n<li class=\"swmsc_sm_icons_li\"><a href=\"https:\/\/www.facebook.com\/PrzedszkoleArtystycznoJezykoweTeczowaKraina\" class=\"tipUp\" title=\"Facebook\" target=\"_self\" style=\"background:#f2f2f2;color:#777777;\"><i class=\"fa fa-facebook\"><\/i><\/a><\/li>\n\n\t\t\t\t\t\t<\/ul>\n\t\t\t\t\t\t<div class=\"clear\"><\/div>\n\t\t\t\t\t<\/div>\n\t\t\t\t\t\t\t\t<\/div>\n\t\t\t\t\t\t\t<div class=\"clear\"><\/div>\n\t\t\t\t\t\t<\/div>\n\t\t\t\t\t\t<div class=\"clear\"><\/div>\n\t\t\t\t\t<\/div>[\/vc_column_inner][\/vc_row_inner]<div  class=\"swmsc_horizontal_line\" style=\"padding-top:80px;padding-bottom:80px;\">\n\t\t\t\t\t\t<span class=\"swmsc_horizontal_line_h_line\" style=\"border-color:#fbb44d;\"><\/span>\n\t\t\t\t\t<div class=\"clear\"><\/div>\n\t\t\t\t\t<\/div>[\/vc_column][\/vc_row][vc_row][vc_column][vc_row_inner][vc_column_inner width=&#8221;1\/2&#8243;]<div  class=\"center\" ><div style=\"font-size:27px; color:#8373ce; font-weight:bold; line-height:40px;\">\n\t\t\t\t\tFormularz kontaktowy:\n\t\t\t\t\t<\/div><\/div><div  class=\"swmsc_custom_dividers swmsc_dividers_circle text_align_center\" style=\"margin-top:20px;margin-bottom:40px;\"><span style=\"background-color:#e6e6e6;\"><\/span><span style=\"background-color:#e6e6e6;\"><\/span><span style=\"background-color:#e6e6e6;\"><\/span><span style=\"background-color:#e6e6e6;\"><\/span><\/div><div role=\"form\" class=\"wpcf7\" id=\"wpcf7-f1500-o1\" lang=\"en-US\" dir=\"ltr\">\n<div class=\"screen-reader-response\"><p role=\"status\" aria-live=\"polite\" aria-atomic=\"true\"><\/p> <ul><\/ul><\/div>\n<form action=\"\/index.php\/wp-json\/wp\/v2\/pages\/1031#wpcf7-f1500-o1\" method=\"post\" class=\"wpcf7-form init\" novalidate=\"novalidate\" data-status=\"init\">\n<div style=\"display: none;\">\n<input type=\"hidden\" name=\"_wpcf7\" value=\"1500\" \/>\n<input type=\"hidden\" name=\"_wpcf7_version\" value=\"5.3.2\" \/>\n<input type=\"hidden\" name=\"_wpcf7_locale\" value=\"en_US\" \/>\n<input type=\"hidden\" name=\"_wpcf7_unit_tag\" value=\"wpcf7-f1500-o1\" \/>\n<input type=\"hidden\" name=\"_wpcf7_container_post\" value=\"0\" \/>\n<input type=\"hidden\" name=\"_wpcf7_posted_data_hash\" value=\"\" \/>\n<input type=\"hidden\" name=\"_wpcf7_recaptcha_response\" value=\"\" \/>\n<\/div>\n<div class=\"kidsworld_column one_half first\">\n<p> <span class=\"wpcf7-form-control-wrap Name\"><input type=\"text\" name=\"Name\" value=\"\" size=\"40\" class=\"wpcf7-form-control wpcf7-text wpcf7-validates-as-required\" aria-required=\"true\" aria-invalid=\"false\" placeholder=\"Imi\u0119 i nazwisko*\" \/><\/span> <\/p>\n<p> <span class=\"wpcf7-form-control-wrap Phone\"><input type=\"tel\" name=\"Phone\" value=\"\" size=\"40\" class=\"wpcf7-form-control wpcf7-text wpcf7-tel wpcf7-validates-as-tel\" aria-invalid=\"false\" placeholder=\"Telefon\" \/><\/span> <\/p>\n<div class=\"clear\"><\/div>\n<\/div>\n<div class=\"kidsworld_column one_half\">\n<p> <span class=\"wpcf7-form-control-wrap Email\"><input type=\"email\" name=\"Email\" value=\"\" size=\"40\" class=\"wpcf7-form-control wpcf7-text wpcf7-email wpcf7-validates-as-required wpcf7-validates-as-email\" aria-required=\"true\" aria-invalid=\"false\" placeholder=\"E-mail*\" \/><\/span> <\/p>\n<p><span class=\"wpcf7-form-control-wrap Subject\"><input type=\"text\" name=\"Subject\" value=\"\" size=\"40\" class=\"wpcf7-form-control wpcf7-text\" aria-invalid=\"false\" placeholder=\"Temat\" \/><\/span> <\/p>\n<div class=\"clear\"><\/div>\n<\/div>\n<div class=\"clear\"><\/div>\n<p><span class=\"wpcf7-form-control-wrap your-message\"><textarea name=\"your-message\" cols=\"40\" rows=\"10\" class=\"wpcf7-form-control wpcf7-textarea\" aria-invalid=\"false\" placeholder=\"Twoja wiadomo\u015b\u0107\"><\/textarea><\/span><\/p>\n<p class=\"clear center\"><input type=\"submit\" value=\"Wy\u015blij wiadomo\u015b\u0107\" class=\"wpcf7-form-control wpcf7-submit\" \/><\/p>\n<p style=\"display: none !important;\"><label>&#916;<textarea name=\"_wpcf7_ak_hp_textarea\" cols=\"45\" rows=\"8\" maxlength=\"100\"><\/textarea><\/label><input type=\"hidden\" id=\"ak_js_1\" name=\"_wpcf7_ak_js\" value=\"235\"\/><script>document.getElementById( \"ak_js_1\" ).setAttribute( \"value\", ( new Date() ).getTime() );<\/script><\/p><div class=\"wpcf7-response-output\" aria-hidden=\"true\"><\/div><\/form><\/div>[\/vc_column_inner][vc_column_inner width=&#8221;1\/2&#8243;]<div  class=\"center\" ><div style=\"font-size:27px; color:#8373ce; font-weight:bold; line-height:40px;\">\n\t\t\t\t\tMapa:\n\t\t\t\t\t<\/div><\/div><div  class=\"swmsc_custom_dividers swmsc_dividers_circle text_align_center\" style=\"margin-top:20px;margin-bottom:40px;\"><span style=\"background-color:#e6e6e6;\"><\/span><span style=\"background-color:#e6e6e6;\"><\/span><span style=\"background-color:#e6e6e6;\"><\/span><span style=\"background-color:#e6e6e6;\"><\/span><\/div>[vc_gmaps link=&#8221;&lt;iframe src=&#8221;https:\/\/www.google.com\/maps\/embed?pb=!1m18!1m12!1m3!1d4336.644628517401!2d18.65704179416071!3d49.737448374492246!2m3!1f0!2f0!3f0!3m2!1i1024!2i768!4f13.1!3m3!1m2!1s0x4714047a65af6f57%3A0x49e80a45f378738f!2sNiepubliczne%20Przedszkole%20J%C4%99zykowo%20-%20Artystyczne%20T%C4%99czowa%20Kraina!5e0!3m2!1spl!2spl!4v1603403826638!5m2!1spl!2spl&#8221; width=&#8221;600&#8243; height=&#8221;450&#8243; frameborder=&#8221;0&#8243; style=&#8221;border:0;&#8221; allowfullscreen=&#8221;&#8221; aria-hidden=&#8221;false&#8221; tabindex=&#8221;0&#8243;&gt;&lt;\/iframe&gt;&#8221; size=&#8221;380px&#8221;][\/vc_column_inner][\/vc_row_inner][\/vc_column][\/vc_row]\n","protected":false},"excerpt":{"rendered":"<p>[vc_row][vc_column][vc_row_inner][vc_column_inner][\/vc_column_inner][\/vc_row_inner][vc_row_inner][vc_column_inner width=&#8221;1\/6&#8243;][\/vc_column_inner][vc_column_inner width=&#8221;2\/3&#8243;][\/vc_column_inner][vc_column_inner width=&#8221;1\/6&#8243;][\/vc_column_inner][\/vc_row_inner] &nbsp; &nbsp; &nbsp; [vc_row_inner][vc_column_inner width=&#8221;1\/2&#8243;][\/vc_column_inner][vc_column_inner width=&#8221;1\/2&#8243;][\/vc_column_inner][\/vc_row_inner][\/vc_column][\/vc_row][vc_row][vc_column][vc_row_inner][vc_column_inner width=&#8221;1\/2&#8243;][\/vc_column_inner][vc_column_inner width=&#8221;1\/2&#8243;][vc_gmaps link=&#8221;&lt;iframe src=&#8221;https:\/\/www.google.com\/maps\/embed?pb=!1m18!1m12!1m3!1d4336.644628517401!2d18.65704179416071!3d49.737448374492246!2m3!1f0!2f0!3f0!3m2!1i1024!2i768!4f13.1!3m3!1m2!1s0x4714047a65af6f57%3A0x49e80a45f378738f!2sNiepubliczne%20Przedszkole%20J%C4%99zykowo%20-%20Artystyczne%20T%C4%99czowa%20Kraina!5e0!3m2!1spl!2spl!4v1603403826638!5m2!1spl!2spl&#8221; width=&#8221;600&#8243; height=&#8221;450&#8243; frameborder=&#8221;0&#8243; style=&#8221;border:0;&#8221; allowfullscreen=&#8221;&#8221; aria-hidden=&#8221;false&#8221; tabindex=&#8221;0&#8243;&gt;&lt;\/iframe&gt;&#8221; size=&#8221;380px&#8221;][\/vc_column_inner][\/vc_row_inner][\/vc_column][\/vc_row]<\/p>\n","protected":false},"author":1,"featured_media":0,"parent":0,"menu_order":0,"comment_status":"closed","ping_status":"closed","template":"","meta":[],"_links":{"self":[{"href":"https:\/\/www.e-teczowakraina.pl\/index.php\/wp-json\/wp\/v2\/pages\/1031"}],"collection":[{"href":"https:\/\/www.e-teczowakraina.pl\/index.php\/wp-json\/wp\/v2\/pages"}],"about":[{"href":"https:\/\/www.e-teczowakraina.pl\/index.php\/wp-json\/wp\/v2\/types\/page"}],"author":[{"embeddable":true,"href":"https:\/\/www.e-teczowakraina.pl\/index.php\/wp-json\/wp\/v2\/users\/1"}],"replies":[{"embeddable":true,"href":"https:\/\/www.e-teczowakraina.pl\/index.php\/wp-json\/wp\/v2\/comments?post=1031"}],"version-history":[{"count":17,"href":"https:\/\/www.e-teczowakraina.pl\/index.php\/wp-json\/wp\/v2\/pages\/1031\/revisions"}],"predecessor-version":[{"id":2794,"href":"https:\/\/www.e-teczowakraina.pl\/index.php\/wp-json\/wp\/v2\/pages\/1031\/revisions\/2794"}],"wp:attachment":[{"href":"https:\/\/www.e-teczowakraina.pl\/index.php\/wp-json\/wp\/v2\/media?parent=1031"}],"curies":[{"name":"wp","href":"https:\/\/api.w.org\/{rel}","templated":true}]}}