{"id":1628,"date":"2020-08-26T17:27:28","date_gmt":"2020-08-26T15:27:28","guid":{"rendered":"https:\/\/westsidegroup.home.pl\/wp_teczowakraina\/?page_id=1628"},"modified":"2024-01-06T20:46:28","modified_gmt":"2024-01-06T19:46:28","slug":"oferta","status":"publish","type":"page","link":"https:\/\/www.e-teczowakraina.pl\/index.php\/oferta\/","title":{"rendered":"Oferta"},"content":{"rendered":"\r\n<p style=\"font-size: 37px;\"><br \/><br \/><br \/><strong><span class=\"has-inline-color has-luminous-vivid-orange-color\">Drogi Rodzicu, aby pom\u00f3c Ci w podj\u0119ciu decyzji o zapisaniu Twojej pociechy <\/span><\/strong><br \/><strong><span class=\"has-inline-color has-luminous-vivid-orange-color\">do naszego przedszkola,<\/span> <span class=\"has-inline-color has-vivid-purple-color\">podpowiadamy dlaczego warto!<\/span><\/strong><br \/><br \/><br \/><\/p>\r\n\r\n\r\n\r\n<p>Lista plus\u00f3w zaczyna si\u0119 ju\u017c od bramy wej\u015bciowej \u2014 czeka na Ciebie prywatny, spory parking. Nie b\u0119dziesz musia\u0142 si\u0119 martwi\u0107 o to gdzie zostawi\u0107 samoch\u00f3d, \u017ceby bezpiecznie odprowadzi\u0107 swojego przedszkolaka na dzie\u0144 pe\u0142en wra\u017ce\u0144 i nauki! A na takie dni Twoje dziecko mo\u017ce liczy\u0107 przez ca\u0142y rok, poniewa\u017c dzia\u0142amy r\u00f3wnie\u017c w miesi\u0105ce wakacyjne. <br \/><br \/>Sale w naszym przedszkolu wyposa\u017cone s\u0105 w wentylacj\u0119 mechaniczn\u0105, co pozwala na sta\u0142\u0105 i szybk\u0105 wymian\u0119 powietrza. W tym miejscu warto te\u017c wspomnie\u0107, \u017ce jeste\u015bmy otwarci od 6:30 do 16:30, wi\u0119c w razie konieczno\u015bci wczesnej pobudki, przed\u0142u\u017caj\u0105cych si\u0119 spotka\u0144 w pracy lub kork\u00f3w na mie\u015bcie nie musisz si\u0119 martwi\u0107 \u2014 Twoje dziecko b\u0119dzie mia\u0142o opiek\u0119.<\/p>\r\n\r\n\r\n\r\n<p>Nasi podopieczni nie maj\u0105 czasu na nud\u0119! Nauczyciele i instruktorzy dok\u0142adaj\u0105 wszelkich stara\u0144, aby dzieci codziennie uczy\u0142y si\u0119 czego\u015b nowego i poznawa\u0142y otaczaj\u0105cy je \u015bwiat z r\u00f3\u017cnych perspektyw. <br \/><br \/>Chodzimy na spacery do pobliskiego lasu, aby na bie\u017c\u0105co obserwowa\u0107 zmieniaj\u0105c\u0105 si\u0119 przyrod\u0119. Od pierwszego dnia w przedszkolu poznajemy nowe angielskie, a z biegiem czasu r\u00f3wnie\u017c czeskie s\u0142\u00f3wka.<br \/><br \/>Ch\u0119tnie je\u017adzimy na wycieczki m.in.: Zator, Chlebowa Chata, Zagroda \u017bubr\u00f3w, ZOO w Chorzowie, India\u0144ska wioska Mato, Le\u015bny Park Niespodzianek, Twinpigs, Zaczarowany Las, a tak\u017ce teatry, wystawy i muzea.<\/p>\r\n\r\n\r\n\r\n<p>Nie musisz si\u0119 te\u017c martwi\u0107 o organizacj\u0119 zaj\u0119\u0107 dodatkowych &#8211; zorganizujemy je za Ciebie. Basen, lekcje ta\u0144ca, zaj\u0119cia artystyczne, dogoterapia &#8211; ka\u017cdy znajdzie co\u015b dla siebie!<\/p>\r\n\r\n\r\n\r\n<p><strong><span class=\"has-inline-color has-luminous-vivid-orange-color\">#oferta<\/span> <span class=\"has-inline-color has-vivid-purple-color\">#zaj\u0119cia_dodatkowe<\/span><\/strong><\/p>\r\n","protected":false},"excerpt":{"rendered":"<p>Drogi Rodzicu, aby pom\u00f3c Ci w podj\u0119ciu decyzji o zapisaniu Twojej pociechy do naszego przedszkola, podpowiadamy dlaczego warto! Lista plus\u00f3w zaczyna si\u0119 ju\u017c od bramy wej\u015bciowej \u2014 czeka na Ciebie prywatny, spory parking. Nie b\u0119dziesz musia\u0142 si\u0119 martwi\u0107 o to gdzie zostawi\u0107 samoch\u00f3d, \u017ceby bezpiecznie odprowadzi\u0107 swojego przedszkolaka na dzie\u0144 [&hellip;]<\/p>\n","protected":false},"author":1,"featured_media":0,"parent":0,"menu_order":0,"comment_status":"closed","ping_status":"closed","template":"","meta":[],"_links":{"self":[{"href":"https:\/\/www.e-teczowakraina.pl\/index.php\/wp-json\/wp\/v2\/pages\/1628"}],"collection":[{"href":"https:\/\/www.e-teczowakraina.pl\/index.php\/wp-json\/wp\/v2\/pages"}],"about":[{"href":"https:\/\/www.e-teczowakraina.pl\/index.php\/wp-json\/wp\/v2\/types\/page"}],"author":[{"embeddable":true,"href":"https:\/\/www.e-teczowakraina.pl\/index.php\/wp-json\/wp\/v2\/users\/1"}],"replies":[{"embeddable":true,"href":"https:\/\/www.e-teczowakraina.pl\/index.php\/wp-json\/wp\/v2\/comments?post=1628"}],"version-history":[{"count":28,"href":"https:\/\/www.e-teczowakraina.pl\/index.php\/wp-json\/wp\/v2\/pages\/1628\/revisions"}],"predecessor-version":[{"id":2820,"href":"https:\/\/www.e-teczowakraina.pl\/index.php\/wp-json\/wp\/v2\/pages\/1628\/revisions\/2820"}],"wp:attachment":[{"href":"https:\/\/www.e-teczowakraina.pl\/index.php\/wp-json\/wp\/v2\/media?parent=1628"}],"curies":[{"name":"wp","href":"https:\/\/api.w.org\/{rel}","templated":true}]}}