{"id":2746,"date":"2023-06-01T18:13:12","date_gmt":"2023-06-01T16:13:12","guid":{"rendered":"https:\/\/www.e-teczowakraina.pl\/?page_id=2746"},"modified":"2026-02-24T16:28:22","modified_gmt":"2026-02-24T15:28:22","slug":"wczesne-wspomaganie-rozwoju","status":"publish","type":"page","link":"https:\/\/www.e-teczowakraina.pl\/index.php\/wczesne-wspomaganie-rozwoju\/","title":{"rendered":"Wczesne Wspomaganie Rozwoju"},"content":{"rendered":"<div style=\"text-align: center;\" data-canvas-width=\"399.13218\">W ramach opieki psychologiczno- pedagogicznej prowadzimy r\u00f3wnie\u017c &#8222;Wczesne Wspomaganie Rozwoju&#8221; dla dzieci przedszkolnych i spoza plac\u00f3wki. Zaj\u0119cia dotycz\u0105 rehabilitacji dzieci od chwili wykrycia niepe\u0142nosprawno\u015bci do podj\u0119cia nauki w szkole.<\/div>\n<div data-canvas-width=\"399.13218\"><\/div>\n<div data-canvas-width=\"399.13218\"><\/div>\n<p>&nbsp;<\/p>\n<div style=\"text-align: center;\" data-canvas-width=\"399.13218\"><span class=\"html-span xdj266r x14z9mp xat24cr x1lziwak xexx8yu xyri2b x18d9i69 x1c1uobl x1hl2dhg x16tdsg8 x1vvkbs x4k7w5x x1h91t0o x1h9r5lt x1jfb8zj xv2umb2 x1beo9mf xaigb6o x12ejxvf x3igimt xarpa2k xedcshv x1lytzrv x1t2pt76 x7ja8zs x1qrby5j\"><span class=\"x193iq5w xeuugli x13faqbe x1vvkbs x1xmvt09 x1lliihq x1s928wv xhkezso x1gmr53x x1cpjm7i x1fgarty x1943h6x xudqn12 x3x7a5m x6prxxf xvq8zen xo1l8bm x14ctfv\" dir=\"auto\">W naszym przedszkolu s\u0105 prowadzone zaj\u0119cia terapeutyczne podczas kt\u00f3rych dzieci rozwijaj\u0105 motoryk\u0119 ma\u0142\u0105 i du\u017c\u0105.<span class=\"html-span xexx8yu xyri2b x18d9i69 x1c1uobl x1hl2dhg x16tdsg8 x1vvkbs x3nfvp2 x1j61x8r x1fcty0u xdj266r xat24cr xm2jcoa x1mpyi22 xxymvpz xlup9mm x1kky2od\"><img loading=\"lazy\" class=\"xz74otr x15mokao x1ga7v0g x16uus16 xbiv7yw\" src=\"https:\/\/static.xx.fbcdn.net\/images\/emoji.php\/v9\/t82\/1\/16\/1f3a8.png\" alt=\"\ud83c\udfa8\" width=\"16\" height=\"16\" \/><\/span><span class=\"html-span xexx8yu xyri2b x18d9i69 x1c1uobl x1hl2dhg x16tdsg8 x1vvkbs x3nfvp2 x1j61x8r x1fcty0u xdj266r xat24cr xm2jcoa x1mpyi22 xxymvpz xlup9mm x1kky2od\"><img loading=\"lazy\" class=\"xz74otr x15mokao x1ga7v0g x16uus16 xbiv7yw\" src=\"https:\/\/static.xx.fbcdn.net\/images\/emoji.php\/v9\/tab\/1\/16\/1f3c3_200d_2642.png\" alt=\"\ud83c\udfc3\u200d\u2642\ufe0f\" width=\"16\" height=\"16\" \/><\/span><br \/>\nW kreatywny spos\u00f3b \u0107wicz\u0105 komunikacj\u0119.<span class=\"html-span xexx8yu xyri2b x18d9i69 x1c1uobl x1hl2dhg x16tdsg8 x1vvkbs x3nfvp2 x1j61x8r x1fcty0u xdj266r xat24cr xm2jcoa x1mpyi22 xxymvpz xlup9mm x1kky2od\"><img loading=\"lazy\" class=\"xz74otr x15mokao x1ga7v0g x16uus16 xbiv7yw\" src=\"https:\/\/static.xx.fbcdn.net\/images\/emoji.php\/v9\/tfb\/1\/16\/1f5e3.png\" alt=\"\ud83d\udde3\ufe0f\" width=\"16\" height=\"16\" \/><\/span><br \/>\nDo\u015bwiadczaj\u0105 \u015bwiat wielozmys\u0142owo. <span class=\"html-span xexx8yu xyri2b x18d9i69 x1c1uobl x1hl2dhg x16tdsg8 x1vvkbs x3nfvp2 x1j61x8r x1fcty0u xdj266r xat24cr xm2jcoa x1mpyi22 xxymvpz xlup9mm x1kky2od\"><img loading=\"lazy\" class=\"xz74otr x15mokao x1ga7v0g x16uus16 xbiv7yw\" src=\"https:\/\/static.xx.fbcdn.net\/images\/emoji.php\/v9\/t49\/1\/16\/1f441.png\" alt=\"\ud83d\udc41\ufe0f\" width=\"16\" height=\"16\" \/><\/span><span class=\"html-span xexx8yu xyri2b x18d9i69 x1c1uobl x1hl2dhg x16tdsg8 x1vvkbs x3nfvp2 x1j61x8r x1fcty0u xdj266r xat24cr xm2jcoa x1mpyi22 xxymvpz xlup9mm x1kky2od\"><img loading=\"lazy\" class=\"xz74otr x15mokao x1ga7v0g x16uus16 xbiv7yw\" src=\"https:\/\/static.xx.fbcdn.net\/images\/emoji.php\/v9\/t4b\/1\/16\/1f443.png\" alt=\"\ud83d\udc43\" width=\"16\" height=\"16\" \/><\/span><span class=\"html-span xexx8yu xyri2b x18d9i69 x1c1uobl x1hl2dhg x16tdsg8 x1vvkbs x3nfvp2 x1j61x8r x1fcty0u xdj266r xat24cr xm2jcoa x1mpyi22 xxymvpz xlup9mm x1kky2od\"><img loading=\"lazy\" class=\"xz74otr x15mokao x1ga7v0g x16uus16 xbiv7yw\" src=\"https:\/\/static.xx.fbcdn.net\/images\/emoji.php\/v9\/t4d\/1\/16\/1f445.png\" alt=\"\ud83d\udc45\" width=\"16\" height=\"16\" \/><\/span><span class=\"html-span xexx8yu xyri2b x18d9i69 x1c1uobl x1hl2dhg x16tdsg8 x1vvkbs x3nfvp2 x1j61x8r x1fcty0u xdj266r xat24cr xm2jcoa x1mpyi22 xxymvpz xlup9mm x1kky2od\"><img loading=\"lazy\" class=\"xz74otr x15mokao x1ga7v0g x16uus16 xbiv7yw\" src=\"https:\/\/static.xx.fbcdn.net\/images\/emoji.php\/v9\/t9c\/1\/16\/1f91a_1f3fb.png\" alt=\"\ud83e\udd1a\ud83c\udffb\" width=\"16\" height=\"16\" \/><\/span><span class=\"html-span xexx8yu xyri2b x18d9i69 x1c1uobl x1hl2dhg x16tdsg8 x1vvkbs x3nfvp2 x1j61x8r x1fcty0u xdj266r xat24cr xm2jcoa x1mpyi22 xxymvpz xlup9mm x1kky2od\"><img loading=\"lazy\" class=\"xz74otr x15mokao x1ga7v0g x16uus16 xbiv7yw\" src=\"https:\/\/static.xx.fbcdn.net\/images\/emoji.php\/v9\/td1\/1\/16\/1f9bb.png\" alt=\"\ud83e\uddbb\" width=\"16\" height=\"16\" \/><\/span><br \/>\nPrzy tym \u015bwietnie si\u0119 bawi\u0105c!<span class=\"html-span xexx8yu xyri2b x18d9i69 x1c1uobl x1hl2dhg x16tdsg8 x1vvkbs x3nfvp2 x1j61x8r x1fcty0u xdj266r xat24cr xm2jcoa x1mpyi22 xxymvpz xlup9mm x1kky2od\">\u00a0<img loading=\"lazy\" class=\"xz74otr x15mokao x1ga7v0g x16uus16 xbiv7yw\" src=\"https:\/\/static.xx.fbcdn.net\/images\/emoji.php\/v9\/t6d\/1\/16\/1f973.png\" alt=\"\ud83e\udd73\" width=\"16\" height=\"16\" \/><\/span><\/span><\/span><\/div>\n<div data-canvas-width=\"399.13218\"><\/div>\n<div data-canvas-width=\"399.13218\"><\/div>\n<div data-canvas-width=\"399.13218\"><\/div>\n<div data-canvas-width=\"411.80994\"><\/div>\n<div data-canvas-width=\"411.80994\"><\/div>\n<p>&nbsp;<\/p>\n<div data-canvas-width=\"411.80994\"><img loading=\"lazy\" class=\" wp-image-2773 aligncenter\" src=\"https:\/\/www.e-teczowakraina.pl\/wp-content\/uploads\/2023\/06\/Bez-tytulu-300x217.png\" alt=\"\" width=\"346\" height=\"250\" srcset=\"https:\/\/www.e-teczowakraina.pl\/wp-content\/uploads\/2023\/06\/Bez-tytulu-300x217.png 300w, https:\/\/www.e-teczowakraina.pl\/wp-content\/uploads\/2023\/06\/Bez-tytulu-768x555.png 768w, https:\/\/www.e-teczowakraina.pl\/wp-content\/uploads\/2023\/06\/Bez-tytulu.png 875w\" sizes=\"(max-width: 346px) 100vw, 346px\" \/><\/div>\n<p>&nbsp;<\/p>\n<div data-canvas-width=\"411.80994\"><\/div>\n<div style=\"text-align: left;\" data-canvas-width=\"411.80994\">Wczesnym wspomaganiem obj\u0119te s\u0105 dzieci zdiagnozowane w szczeg\u00f3lno\u015bci:<\/div>\n<div data-canvas-width=\"83.04444\">\n<ul>\n<li style=\"text-align: left;\" data-canvas-width=\"190.24307999999994\">uszkodzonym wzrokiem, s\u0142uchem,<\/li>\n<li style=\"text-align: left;\" data-canvas-width=\"190.24307999999994\">\n<div data-canvas-width=\"235.0880999999999\">niepe\u0142nosprawno\u015bci\u0105 ruchow\u0105, umys\u0142ow\u0105,<\/div>\n<\/li>\n<li style=\"text-align: left;\" data-canvas-width=\"190.24307999999994\">\n<div data-canvas-width=\"235.0880999999999\">autyzmem, zespo\u0142em Aspergera,<\/div>\n<\/li>\n<li style=\"text-align: left;\" data-canvas-width=\"190.24307999999994\">\n<div data-canvas-width=\"227.11337999999998\">zaburzeniami zachowania i emocji,<\/div>\n<\/li>\n<li data-canvas-width=\"190.24307999999994\">\n<div style=\"text-align: left;\" data-canvas-width=\"227.11337999999998\">wolniejszym i nieharmonijnym rozwojem.<\/div>\n<\/li>\n<\/ul>\n<div data-canvas-width=\"383.42556000000013\"><\/div>\n<div style=\"text-align: center;\" data-canvas-width=\"383.42556000000013\">Dzieci przyjmowane s\u0105 na podstawie Opinii o potrzebie wczesnego wspomagania rozwoju wydanej przez Zesp\u00f3\u0142 Orzekaj\u0105cy w Poradni Psychologiczno-Pedagogicznej. Nieodp\u0142atne zaj\u0119cia rehabilitacyjne realizowane s\u0105 zgodnie z opracowanym dla ka\u017cdego dziecka Indywidualnym Programem Edukacyjno-Pedagogicznym, przeprowadzana jest r\u00f3wnie\u017c ewaluacja post\u0119p\u00f3w rewalidacji dziecka.<\/div>\n<\/div>\n<div style=\"text-align: center;\" data-canvas-width=\"383.42556000000013\"><img loading=\"lazy\" class=\"alignnone size-medium wp-image-2761\" src=\"https:\/\/www.e-teczowakraina.pl\/wp-content\/uploads\/2023\/06\/happy-kids-martial-arts-min-1-300x300.png\" alt=\"\" width=\"300\" height=\"300\" srcset=\"https:\/\/www.e-teczowakraina.pl\/wp-content\/uploads\/2023\/06\/happy-kids-martial-arts-min-1-300x300.png 300w, https:\/\/www.e-teczowakraina.pl\/wp-content\/uploads\/2023\/06\/happy-kids-martial-arts-min-1-150x150.png 150w, https:\/\/www.e-teczowakraina.pl\/wp-content\/uploads\/2023\/06\/happy-kids-martial-arts-min-1-768x768.png 768w, https:\/\/www.e-teczowakraina.pl\/wp-content\/uploads\/2023\/06\/happy-kids-martial-arts-min-1-75x75.png 75w, https:\/\/www.e-teczowakraina.pl\/wp-content\/uploads\/2023\/06\/happy-kids-martial-arts-min-1.png 800w\" sizes=\"(max-width: 300px) 100vw, 300px\" \/><\/div>\n","protected":false},"excerpt":{"rendered":"<p>W ramach opieki psychologiczno- pedagogicznej prowadzimy r\u00f3wnie\u017c &#8222;Wczesne Wspomaganie Rozwoju&#8221; dla dzieci przedszkolnych i spoza plac\u00f3wki. Zaj\u0119cia dotycz\u0105 rehabilitacji dzieci od chwili wykrycia niepe\u0142nosprawno\u015bci do podj\u0119cia nauki w szkole. &nbsp; W naszym przedszkolu s\u0105 prowadzone zaj\u0119cia terapeutyczne podczas kt\u00f3rych dzieci rozwijaj\u0105 motoryk\u0119 ma\u0142\u0105 i du\u017c\u0105. W kreatywny spos\u00f3b \u0107wicz\u0105 komunikacj\u0119. [&hellip;]<\/p>\n","protected":false},"author":1,"featured_media":0,"parent":0,"menu_order":0,"comment_status":"closed","ping_status":"closed","template":"","meta":[],"_links":{"self":[{"href":"https:\/\/www.e-teczowakraina.pl\/index.php\/wp-json\/wp\/v2\/pages\/2746"}],"collection":[{"href":"https:\/\/www.e-teczowakraina.pl\/index.php\/wp-json\/wp\/v2\/pages"}],"about":[{"href":"https:\/\/www.e-teczowakraina.pl\/index.php\/wp-json\/wp\/v2\/types\/page"}],"author":[{"embeddable":true,"href":"https:\/\/www.e-teczowakraina.pl\/index.php\/wp-json\/wp\/v2\/users\/1"}],"replies":[{"embeddable":true,"href":"https:\/\/www.e-teczowakraina.pl\/index.php\/wp-json\/wp\/v2\/comments?post=2746"}],"version-history":[{"count":15,"href":"https:\/\/www.e-teczowakraina.pl\/index.php\/wp-json\/wp\/v2\/pages\/2746\/revisions"}],"predecessor-version":[{"id":3156,"href":"https:\/\/www.e-teczowakraina.pl\/index.php\/wp-json\/wp\/v2\/pages\/2746\/revisions\/3156"}],"wp:attachment":[{"href":"https:\/\/www.e-teczowakraina.pl\/index.php\/wp-json\/wp\/v2\/media?parent=2746"}],"curies":[{"name":"wp","href":"https:\/\/api.w.org\/{rel}","templated":true}]}}