{"id":3083,"date":"2025-10-26T19:37:38","date_gmt":"2025-10-26T18:37:38","guid":{"rendered":"https:\/\/www.e-teczowakraina.pl\/?page_id=3083"},"modified":"2026-02-16T15:28:51","modified_gmt":"2026-02-16T14:28:51","slug":"projekty-ue","status":"publish","type":"page","link":"https:\/\/www.e-teczowakraina.pl\/index.php\/projekty-ue\/","title":{"rendered":"Projekty UE"},"content":{"rendered":"<p><img loading=\"lazy\" class=\"alignnone size-full wp-image-3082\" src=\"https:\/\/www.e-teczowakraina.pl\/wp-content\/uploads\/2025\/10\/FE-SL-kolor-poziom-LOGOTYP-Te\u0328czowa-Kraina.jpg\" alt=\"\" width=\"1944\" height=\"142\" \/><\/p>\n<p>&nbsp;<\/p>\n<p>KOMUNIKACJA 1 ALEKSANDRA BRAWA\u0143SKA realizuje projekt pn. <strong>\u201eDobra edukacja &#8211; szcz\u0119\u015bliwe dziecko!\u201d<\/strong> w ramach programu Fundusze Europejskie dla \u015al\u0105skiego 2021-2027 (Europejski Fundusz Spo\u0142eczny+), dla Priorytetu: FESL.06.00-Fundusze Europejskie dla edukacji; dla Dzia\u0142ania: FESL.06.01-Edukacja przedszkolna.<strong>\u00a0<\/strong><\/p>\n<p>Projekt b\u0119dzie realizowany w terminie od wrze\u015bnia 2025r. do czerwca 2026r.<\/p>\n<p>Celem Projektu jest wzrost dost\u0119pu do wysokiej jako\u015bci edukacji przedszkolnej dla 34 dzieci (15K, 19M) w Niepublicznym Przedszkolu \u201eT\u0119czowa Kraina\u201d w Cieszynie poprzez realizacj\u0119 zaj\u0119\u0107 dodatkowych rozwijaj\u0105cych ich rozw\u00f3j psychofizyczny, kompetencje kluczowe oraz wsparcie o charakterze terapeutycznym. Podniesienie jako\u015bci nauczania dokona si\u0119 dzi\u0119ki przeszkoleniu cz\u0142onk\u00f3w personelu oraz wyposa\u017ceniu w materia\u0142y dydaktyczne, pomoce naukowe i terapeutyczne.<\/p>\n<p>&nbsp;<\/p>\n<p>Zadania, kt\u00f3re s\u0105 przewidziane w ramach projektu:<\/p>\n<p>1) Utworzenie dodatkowych zaj\u0119\u0107 grupowych:<\/p>\n<p>a) Zaj\u0119cia rozwijaj\u0105ce kompetencje kluczowe:<\/p>\n<p>&#8211; zaj\u0119cia j\u0119zykowe<\/p>\n<p>&#8211; Klub ma\u0142ego konstruktora<\/p>\n<p>&#8211; Klub ma\u0142ego artysty<\/p>\n<p>b) Zaj\u0119cia ukierunkowanych na kszta\u0142towanie \u015bwiadomo\u015bci ekologicznej uwra\u017cliwiaj\u0105ce na zmiany klimatu i potrzeby zielonej gospodarki \u2013 Klub ma\u0142ego ekologa,<\/p>\n<p>c) Zaj\u0119cia uwra\u017cliwiaj\u0105ce na r\u00f3\u017cnorodno\u015b\u0107<\/p>\n<p>2) Prowadzenie indywidualnych zaj\u0119\u0107 terapeutycznych dla dzieci ze specjalnymi potrzebami edukacyjnymi<\/p>\n<p>3) Doposa\u017cenie plac\u00f3wki w pomoce dydaktyczne do zaplanowanych zaj\u0119\u0107, m. in.: monitor interaktywny 65\u201d, zestawy klock\u00f3w konstrukcyjnych, plansze edukacyjne ekologiczne, edukacyjne maty pod\u0142ogowe, doposa\u017cenie Sali SI: zestaw do integracji sensorycznej, interaktywna Kaskada \u015awiat\u0142owodowa UV, interaktywna kolumn b\u0105belkowa, interaktywna \u015bciana b\u0105belkowa 120 cm.<\/p>\n<p>4) Przeprowadzenia szkole\u0144 dla nauczycieli: szkolenia z zakresu edukacji w\u0142\u0105czaj\u0105cej oraz niwelowania barier w dost\u0119pie do edukacji na ka\u017cdym szczeblu.<\/p>\n<p>&nbsp;<\/p>\n<p>Zak\u0142adane efekty w ramach projektu:<\/p>\n<ol>\n<li>zwi\u0119kszenie jako\u015bci edukacji w przedszkolu &#8222;T\u0119czowa Kraina&#8221; w Cieszynie<\/li>\n<li>zwi\u0119kszenie dost\u0119pno\u015bci do wysokiej jako\u015bci edukacji przedszkolnej<\/li>\n<li>poprawa funkcjonowania dzieci ze specjalnymi potrzebami edukacyjnymi<\/li>\n<\/ol>\n<p>&nbsp;<\/p>\n<p>Projekt skierowany jest do dzieci ucz\u0119szczaj\u0105cych do Przedszkola &#8222;T\u0119czowa Kraina&#8221; w Cieszynie &#8211; 34 dzieci w przedziale wiekowym od 3 do 7 lat, a tak\u017ce do 6 nauczycieli i kadry zarz\u0105dzaj\u0105cej, wspieraj\u0105cej i organizuj\u0105cej proces nauczania.<\/p>\n<p>Udzia\u0142 w Projekcie mo\u017ce wzi\u0105\u0107 ka\u017cde dziecko ucz\u0119szczaj\u0105ce do przedszkola &#8222;T\u0119czowa Kraina&#8221; oraz ka\u017cda osoba nale\u017c\u0105ca do kadry zarz\u0105dzaj\u0105cej lub nauczycielskiej przedszkola &#8222;T\u0119czowa Kraina&#8221;.<\/p>\n<p>* Zg\u0142oszenia do projektu mo\u017cna dokona\u0107 osobi\u015bcie w siedzibie przedszkola lub drog\u0105 elektroniczn\u0105 na adres e-mail: <span style=\"color: #fc5b4e;\">biuro@e-teczowakraina.pl<\/span><\/p>\n<p>* Rekrutacja trwa od 01.09.2025r. do 14.09.2025r.<\/p>\n<p>* Warunki rekrutacji dost\u0119pne s\u0105 w \u00a7 4. Regulaminu rekrutacji i uczestnictwa w projekcie.<\/p>\n<p>* Wszelkie informacje nt. projektu udziela <strong><span style=\"color: #fc5b4e;\">Dyrektor Przedszkola &#8211; Aleksandra Brawa\u0144ska, pod nr tel.: 609 512 558 lub 692 352 357.<\/span><\/strong><\/p>\n<p>Biuro Projektu jest dost\u0119pne architektonicznie dla os\u00f3b z niepe\u0142nosprawno\u015bciami.<\/p>\n<p>Us\u0142ugi oferowane w ramach projektu s\u0105 nieodp\u0142atne.<\/p>\n<p>Warto\u015b\u0107 projektu wynosi: 256 511,40 z\u0142 w tym dofinansowanie z UE: 218 034,69 z\u0142.<\/p>\n<p>&nbsp;<\/p>\n<p>Poni\u017cej zamieszczamy link do tabeli dot. projektu. Tabela b\u0119dzie aktualizowana na bie\u017c\u0105co.<\/p>\n<p><a href=\"https:\/\/docs.google.com\/spreadsheets\/d\/1GWar9R2tTL005wI0KlL0Y1AWly6BV3NBEwpqCfA8M0s\/edit?usp=sharing\" style=\"color:#adcb69;\">Tabela organizacji zaj\u0119\u0107<\/a><\/p>\n<p>&nbsp;<\/p>\n<p><strong>Pliki do pobrania<\/strong><\/p>\n<p><a href=\"https:\/\/www.e-teczowakraina.pl\/wp-content\/uploads\/2025\/12\/REGULAMIN-REKRUTACJI-I-UCZESTNICTWA-W-PROJEKCIE-ok.pdf\" style=\"color:#adcb69;\">&#8211; Regulamin rekrutacji i uczestnictwa w projekcie<\/a><\/p>\n<p><a href=\"https:\/\/www.e-teczowakraina.pl\/wp-content\/uploads\/2025\/12\/zal.-1-do-regulaminu-w-projekcie-formularz-zgloszeniowy_BRAWANSKA.pdf\" style=\"color:#adcb69;\">&#8211; Za\u0142\u0105cznik nr 1 do regulaminu .pdf<\/a><br \/>\n<a href=\"https:\/\/www.e-teczowakraina.pl\/wp-content\/uploads\/2026\/02\/zal.-1-do-regulaminu-w-projekcie-formularz-zgloszeniowy_BRAWANSKA.doc\" style=\"color:#adcb69;\">&#8211; Za\u0142\u0105cznik nr 1 do regulaminu .docx<\/a><\/p>\n<p><a href=\"https:\/\/www.e-teczowakraina.pl\/wp-content\/uploads\/2025\/12\/zal.-2-do-regulaminu-w-projekcie-Deklaracja-udzialu-w-projekcie_BRAWANSKA.pdf\" style=\"color:#adcb69;\">&#8211; Za\u0142\u0105cznik nr 2 do regulaminu.pdf<\/a><br \/>\n<a href=\"https:\/\/www.e-teczowakraina.pl\/wp-content\/uploads\/2026\/02\/zal.-2-do-regulaminu-w-projekcie-Deklaracja-udzialu-w-projekcie_BRAWANSKA.docx\" style=\"color:#adcb69;\">&#8211; Za\u0142\u0105cznik nr 2 do regulaminu .docx<\/a><\/p>\n<p><a href=\"https:\/\/www.e-teczowakraina.pl\/wp-content\/uploads\/2025\/12\/zal.-3-do-regulaminu-w-projekcie-Oswiadczenie-RODO_BRAWANSKA.pdf\" style=\"color:#adcb69;\">&#8211; Za\u0142\u0105cznik nr 3 do regulaminu .pdf<\/a><br \/>\n<a href=\"https:\/\/www.e-teczowakraina.pl\/wp-content\/uploads\/2026\/02\/zal.-3-do-regulaminu-w-projekcie-Oswiadczenie-RODO_BRAWANSKA.docx\" style=\"color:#adcb69;\">&#8211; Za\u0142\u0105cznik nr 3 do regulaminu .docx<\/a><\/p>\n<p><a href=\"https:\/\/www.e-teczowakraina.pl\/wp-content\/uploads\/2025\/12\/zal.-nr-4-do-regulaminu-w-projekcie-Formularz-klauzuli-informacyjnej-do-oswiadczenia-RODO-dolozyc-do-regulaminu_BRAWANSKA.pdf\" style=\"color:#adcb69;\">&#8211; Za\u0142\u0105cznik nr 4 do regulaminu .pdf<\/a><br \/>\n<a href=\"https:\/\/www.e-teczowakraina.pl\/wp-content\/uploads\/2026\/02\/zal.nr4doregulaminuwprojekcieFormularzklauzuliinformacyjnejdooswiadczeniaRODO.docx\" style=\"color:#adcb69;\">&#8211; Za\u0142\u0105cznik nr 4 do regulaminu .docx<\/a><\/p>\n<p><a href=\"https:\/\/www.e-teczowakraina.pl\/wp-content\/uploads\/2026\/01\/HFW-FESL.06.01-IZ.01-0CHD_24-2026-01-001.pdf\" style=\"color:#adcb69;\">&#8211; Harmonogram Form Wsparcia &#8211; stycze\u0144 2026<\/a><\/p>\n","protected":false},"excerpt":{"rendered":"<p>&nbsp; KOMUNIKACJA 1 ALEKSANDRA BRAWA\u0143SKA realizuje projekt pn. \u201eDobra edukacja &#8211; szcz\u0119\u015bliwe dziecko!\u201d w ramach programu Fundusze Europejskie dla \u015al\u0105skiego 2021-2027 (Europejski Fundusz Spo\u0142eczny+), dla Priorytetu: FESL.06.00-Fundusze Europejskie dla edukacji; dla Dzia\u0142ania: FESL.06.01-Edukacja przedszkolna.\u00a0 Projekt b\u0119dzie realizowany w terminie od wrze\u015bnia 2025r. do czerwca 2026r. Celem Projektu jest wzrost dost\u0119pu [&hellip;]<\/p>\n","protected":false},"author":1,"featured_media":0,"parent":0,"menu_order":0,"comment_status":"closed","ping_status":"closed","template":"","meta":[],"_links":{"self":[{"href":"https:\/\/www.e-teczowakraina.pl\/index.php\/wp-json\/wp\/v2\/pages\/3083"}],"collection":[{"href":"https:\/\/www.e-teczowakraina.pl\/index.php\/wp-json\/wp\/v2\/pages"}],"about":[{"href":"https:\/\/www.e-teczowakraina.pl\/index.php\/wp-json\/wp\/v2\/types\/page"}],"author":[{"embeddable":true,"href":"https:\/\/www.e-teczowakraina.pl\/index.php\/wp-json\/wp\/v2\/users\/1"}],"replies":[{"embeddable":true,"href":"https:\/\/www.e-teczowakraina.pl\/index.php\/wp-json\/wp\/v2\/comments?post=3083"}],"version-history":[{"count":13,"href":"https:\/\/www.e-teczowakraina.pl\/index.php\/wp-json\/wp\/v2\/pages\/3083\/revisions"}],"predecessor-version":[{"id":3138,"href":"https:\/\/www.e-teczowakraina.pl\/index.php\/wp-json\/wp\/v2\/pages\/3083\/revisions\/3138"}],"wp:attachment":[{"href":"https:\/\/www.e-teczowakraina.pl\/index.php\/wp-json\/wp\/v2\/media?parent=3083"}],"curies":[{"name":"wp","href":"https:\/\/api.w.org\/{rel}","templated":true}]}}